{"id":1190,"date":"2019-04-17T12:31:31","date_gmt":"2019-04-17T17:31:31","guid":{"rendered":"http:\/\/www.espartec.com.mx\/nuevo\/?page_id=1190"},"modified":"2019-08-01T17:35:07","modified_gmt":"2019-08-01T22:35:07","slug":"murphy-by-enovation-controls","status":"publish","type":"page","link":"http:\/\/www.espartec.com.mx\/index.php\/murphy-by-enovation-controls\/","title":{"rendered":"MURPHY BY ENOVATION CONTROLS"},"content":{"rendered":"<p><section class=\"kc-elm kc-css-867173 kc_row\"><div class=\"kc-row-container  kc-container\"><div class=\"kc-wrap-columns\"><div class=\"kc-elm kc-css-610609 kc_col-sm-6 kc_column kc_col-sm-6\"><div class=\"kc-col-container\"><div class=\"kc-elm kc-css-897807 kc-animated kc-animate-eff-bounceInRight kc_shortcode kc_single_image\">\n\n        <img src=\"http:\/\/www.espartec.com.mx\/wp-content\/uploads\/2019\/04\/Murphy-by-Enovation-Controls.png\" class=\"\" alt=\"\" \/>    <\/div>\n<\/div><\/div><div class=\"kc-elm kc-css-788687 kc_col-sm-6 kc_column kc_col-sm-6\"><div class=\"kc-col-container\">\n\t<div class=\"kc-elm kc-css-781736 kc_shortcode kc_video_play kc_video_wrapper\" data-video=\"https:\/\/youtu.be\/QB0p0NDrGhc\" data-width=\"600\" data-height=\"338.98305084746\" data-fullwidth=\"\" data-autoplay=\"yes\" data-loop=\"yes\" data-control=\"yes\" data-related=\"\" data-showinfo=\"\" data-kc-video-mute=\"\">\n\t\t\t<\/div>\n\n<\/div><\/div><\/div><\/div><\/section><section class=\"kc-elm kc-css-733157 kc_row\"><div class=\"kc-row-container  kc-container\"><div class=\"kc-wrap-columns\"><div class=\"kc-elm kc-css-534409 kc_column kc_col-sm-12\"><div class=\"kc-col-container\"><div class=\"kc-elm kc-css-338874 kc_text_block\"><\/p>\n<p>Existimos para vencer la complejidad.<\/p>\n<p>\n<\/div><div class=\"kc-elm kc-css-392880\" style=\"height: 40px; clear: both; width:100%;\"><\/div><div class=\"kc-image-gallery kc-elm kc-css-836811 kc-animated kc-animate-eff-swing\">\n<div class=\"kc_image_gallery kc-carousel-image kc-grid \">\n<div class=\"item-grid grid-5\"><img src=\"http:\/\/www.espartec.com.mx\/wp-content\/uploads\/2019\/04\/mpc-20fl.png\" alt=\"\"\/><\/div><div class=\"item-grid grid-5\"><img src=\"http:\/\/www.espartec.com.mx\/wp-content\/uploads\/2019\/04\/ml2000_0.png\" alt=\"\"\/><\/div><div class=\"item-grid grid-5\"><img src=\"http:\/\/www.espartec.com.mx\/wp-content\/uploads\/2019\/04\/level-devices-compressor.jpg\" alt=\"\"\/><\/div><div class=\"item-grid grid-5\"><img src=\"http:\/\/www.espartec.com.mx\/wp-content\/uploads\/2019\/04\/candrive.jpg\" alt=\"\"\/><\/div><div class=\"item-grid grid-5\"><img src=\"http:\/\/www.espartec.com.mx\/wp-content\/uploads\/2019\/04\/1100_0.jpg\" alt=\"\"\/><\/div><\/div>\n<\/div><div class=\"kc-elm kc-css-20800 kc_text_block\"><\/p>\n<h4 class=\"landing-block-node-subtitle h6 g-font-weight-800 g-color-primary g-mb-20 g-line-height-0_9 g-letter-spacing-6 g-font-size-11\" style=\"box-sizing: border-box; font-family: 'Open Sans', Helvetica, Arial, sans-serif; line-height: 1.4; color: #383339; letter-spacing: 0.42857rem; text-align: center; text-transform: uppercase; background-color: #ffffff; margin-bottom: 1.42857rem !important; font-weight: 800 !important; font-size: 0.78571rem !important;\">\u00a0<\/h4>\n<h2 class=\"landing-block-node-title h1 u-heading-v2__title g-line-height-1_3 g-font-weight-600 g-mb-minus-10 g-font-size-40 g-letter-spacing-3\" style=\"box-sizing: border-box; font-family: 'Open Sans', Helvetica, Arial, sans-serif; line-height: 1.4; color: #383339; letter-spacing: 0.21429rem; text-align: center; text-transform: uppercase; background-color: #ffffff; margin-bottom: -0.71429rem !important; font-weight: 600 !important; font-size: 2.85714rem !important;\">APLICACIONES UNICAS DE SISTEMAS<\/h2>\n<p>\n<\/div><div class=\"kc-elm kc-css-432290\" style=\"height: 20px; clear: both; width:100%;\"><\/div><\/div><\/div><\/div><\/div><\/section><section class=\"kc-elm kc-css-867615 kc_row\"><div class=\"kc-row-container  kc-container\"><div class=\"kc-wrap-columns\"><div class=\"kc-elm kc-css-566718 kc_col-sm-4 kc_column kc_col-sm-4\"><div class=\"kc-col-container\"><div class=\"kc-elm kc-css-299057 kc_text_block\"><\/p>\n<h3 class=\"landing-block-node-card-title text-uppercase g-line-height-1_2 g-font-weight-700 g-color-white g-mb-25\">SISTEMAS DE VEH\u00cdCULOS<\/h3>\n<div class=\"landing-block-node-card-text g-font-size-13 g-mb-30 g-color-gray-light-v2\">\n<p>Pantallas de m\u00e1quinas resistentes y lideres en la industria, combinadas con nuestros accesorios CAN I \/ O, distribuci\u00f3n de energ\u00eda, mapeo y telematica, nos permiten ofrecer una soluci\u00f3n integrada especifica incluso para las aplicaciones de sistemas de veh\u00edculos m\u00e1s complejas. Nuestras ventajas clave son la creaci\u00f3n r\u00e1pida de prototipos, la ingenier\u00eda de software personalizada, el desarrollo de UX \/ UI y las opciones de informaci\u00f3n y entretenimiento, lo que nos convierte en el socio preferido de los principales fabricantes de equipos originales de todo el mundo.<\/p>\n<\/div>\n<p>\n<\/div><div class=\"kc-elm kc-css-325046 kc-animated kc-animate-eff-fadeInDown kc_shortcode kc_single_image\">\n\n        <img src=\"http:\/\/www.espartec.com.mx\/wp-content\/uploads\/2019\/04\/power-sport-vehicles_0.jpg\" class=\"\" alt=\"\" \/>    <\/div>\n<\/div><\/div><div class=\"kc-elm kc-css-879716 kc_col-sm-4 kc_column kc_col-sm-4\"><div class=\"kc-col-container\"><div class=\"kc-elm kc-css-569020 kc_text_block\"><\/p>\n<h3 class=\"landing-block-node-card-title text-uppercase g-line-height-1_2 g-font-weight-700 g-color-white g-mb-25\">SISTEMAS DE MOTOR<\/h3>\n<div class=\"landing-block-node-card-text g-font-size-13 g-mb-30 g-color-gray-light-v2\">\n<p>El control superior y el monitoreo de los sistemas de motores es nuestra herencia y lo hacemos bien. Nuestra amplia gama de controladores y soluciones de panel para motores mec\u00e1nicos simples, incluso para los motores electr\u00f3nicos Tier 4 Final m\u00e1s avanzados, se encuentran en aplicaciones de misi\u00f3n cr\u00edtica en todo el mundo. La supervisi\u00f3n y el control del motor se simplifican con nuestros paneles plug-and-play, soluciones de control personalizables y opciones de arn\u00e9s totalmente configurables.<\/p>\n<div class=\"landing-block-node-card js-animation animation-none col-md-6 landing-card animated col-lg-4\">\n<div class=\"landing-block-node-card-bgimg g-bg-img-hero h-100\" data-fileid=\"19352\" data-fileid2x=\"19354\" data-pseudo-url=\"{&quot;text&quot;:&quot;&quot;,&quot;href&quot;:&quot;&quot;,&quot;target&quot;:&quot;_self&quot;,&quot;enabled&quot;:false}\">\n<div class=\"g-theme-architecture-bg-blue-dark-v3 d-flex flex-column h-100 g-opacity-1 g-opacity-0_8--hover g-py-50 g-px-15 g-pa-100-30--sm g-transition-0_2 g-transition--ease-in\">\n<div class=\"landing-block-node-card-text g-font-size-13 g-mb-30 g-color-gray-light-v2\">\u00a0<\/div>\n<div class=\"landing-block-node-card-link-container mt-auto\">\u00a0<\/div>\n<\/div>\n<\/div>\n<\/div>\n<\/div>\n<p>\n<\/div><div class=\"kc-elm kc-css-676738 kc-animated kc-animate-eff-fadeInDown kc_shortcode kc_single_image\">\n\n        <img src=\"http:\/\/www.espartec.com.mx\/wp-content\/uploads\/2019\/04\/engine-systems.jpg\" class=\"\" alt=\"\" \/>    <\/div>\n<\/div><\/div><div class=\"kc-elm kc-css-102747 kc_col-sm-4 kc_column kc_col-sm-4\"><div class=\"kc-col-container\"><div class=\"kc-elm kc-css-740494 kc_text_block\"><\/p>\n<h3 class=\"landing-block-node-card-title text-uppercase g-line-height-1_2 g-font-weight-700 g-color-white g-mb-25\" style=\"background-color: #ffffff;\">INSTRUMENTOS DE PROCESO<\/h3>\n<div class=\"landing-block-node-card-text g-font-size-13 g-mb-30 g-color-gray-light-v2\">\n<p>Hemos recorrido un largo camino desde el interruptor de seguridad original que transform\u00f3 el mundo de la instrumentaci\u00f3n y el control del motor. Nuestra amplia l\u00ednea de productos heredados a\u00fan proporciona un monitoreo confiable de las funciones vitales, incluidas las RPM del motor, la temperatura, la presi\u00f3n, el tiempo, la vibraci\u00f3n, el exceso de velocidad y el nivel de fluido.<\/p>\n<\/div>\n<p>\n<\/div><div class=\"kc-elm kc-css-869634\" style=\"height: 111px; clear: both; width:100%;\"><\/div><div class=\"kc-elm kc-css-733651 kc-animated kc-animate-eff-fadeInDown kc_shortcode kc_single_image\">\n\n        <img src=\"http:\/\/www.espartec.com.mx\/wp-content\/uploads\/2019\/04\/process-instruments_0.jpg\" class=\"\" alt=\"\" \/>    <\/div>\n<\/div><\/div><\/div><\/div><\/section><section class=\"kc-elm kc-css-562806 kc_row\"><div class=\"kc-row-container  kc-container\"><div class=\"kc-wrap-columns\"><div class=\"kc-elm kc-css-904569 kc_col-sm-12 kc_column kc_col-sm-12\"><div class=\"kc-col-container\"><div class=\"kc-elm kc-css-687245\" style=\"height: 40px; clear: both; width:100%;\"><\/div><\/div><\/div><\/div><\/div><\/section><section class=\"kc-elm kc-css-559376 kc_row\"><div class=\"kc-row-container  kc-container\"><div class=\"kc-wrap-columns\"><div class=\"kc-elm kc-css-374066 kc_col-sm-6 kc_column kc_col-sm-6\"><div class=\"kc-col-container\"><div class=\"kc-elm kc-css-601567 kc-animated kc-animate-eff-fadeInLeft kc_shortcode kc_single_image\">\n\n        <img src=\"http:\/\/www.espartec.com.mx\/wp-content\/uploads\/2019\/04\/Untitled-1-1.png\" class=\"\" alt=\"\" \/>    <\/div>\n<\/div><\/div><div class=\"kc-elm kc-css-477520 kc_col-sm-6 kc_column kc_col-sm-6\"><div class=\"kc-col-container\"><div class=\"kc-elm kc-css-880653 kc_text_block\"><\/p>\n<div>\n<h2>MARCAS DE CONFIANZA PARA APLICACIONES DIVERSAS<\/h2>\n<\/div>\n<div>\n<p>Enovation Controls satisface las necesidades de diversas aplicaciones a trav\u00e9s de las confiable marca Murphy. Atendemos una variedad de mercados que incluyen veh\u00edculos marinos, recreativos y comerciales, deportes de potencia y veh\u00edculos especiales, agricultura y bombeo de agua, generaci\u00f3n de energ\u00eda y equipos industriales impulsados \u200b\u200bpor motores.<\/p>\n<p>MARCA MURPHY<\/p>\n<div>\n<p>La marca Murphy representa m\u00e1s de 75 a\u00f1os de innovaci\u00f3n confiable para monitoreo y control de motores cr\u00edticos. La rica historia de los productos de Murphy, resistentes y confiables, se ha convertido en soluciones de vanguardia que se encuentran en aplicaciones que van desde equipos de construcci\u00f3n y aplicaciones de bombas hasta motos de nieve y botes de esqu\u00ed.\u00a0<\/p>\n<p>Nacido de la necesidad de una protecci\u00f3n de motor simple y confiable, Murphy ha superado a la industria como l\u00edder temprano en la tecnolog\u00eda J1939 CAN con productos de visualizaci\u00f3n, controladores e instrumentaci\u00f3n l\u00edderes en el mercado.<\/p>\n<\/div>\n<\/div>\n<p>\n<\/div><\/div><\/div><\/div><\/div><\/section><section class=\"kc-elm kc-css-458161 kc_row\"><div class=\"kc-row-container  kc-container\"><div class=\"kc-wrap-columns\"><div class=\"kc-elm kc-css-658791 kc_col-sm-12 kc_column kc_col-sm-12\"><div class=\"kc-col-container\">\n<div class=\"kc-elm kc-css-644072\">\n\t<a class=\"kc_button\" href=\"https:\/\/www.enovationcontrols.com\/digitalcatalog\/#page=1\" target=\"_blank\" title=\"\" onclick=\"\">\n\t\t<i class=\"flaticon-pdf\"><\/i> CATALOGO\t<\/a>\n<\/div>\n<div class=\"kc-elm kc-css-627301\" style=\"height: 20px; clear: both; width:100%;\"><\/div><\/div><\/div><\/div><\/div><\/section><section class=\"kc-elm kc-css-825027 kc_row\"><div class=\"kc-row-container  kc-container\"><div class=\"kc-wrap-columns\"><div class=\"kc-elm kc-css-61769 kc_col-sm-6 kc_column kc_col-sm-6\"><div class=\"kc-col-container\"><div class=\"kc-elm kc-css-284525 kc_text_block\"><\/p>\n<div class=\"landing-block-node-header text-uppercase u-heading-v2-4--bottom g-brd-primary g-mb-40\" style=\"box-sizing: border-box; color: #7d7d8f; font-family: 'Open Sans', Helvetica, Arial, sans-serif; font-size: 14px; text-transform: uppercase !important; margin-bottom: 2.85714rem !important; border-color: #c94645 !important;\">\n<h4 class=\"landing-block-node-subtitle h6 g-font-weight-800 g-font-size-12 g-transition-0_3 g-transition--ease-in g-color-primary g-mb-20 g-line-height-0_9 g-letter-spacing-6\" style=\"box-sizing: border-box; font-family: inherit; line-height: 1.4; color: #383339; letter-spacing: 0.42857rem; transition: all 0.3s ease-in 0s; margin-bottom: 1.42857rem !important; font-weight: 800 !important; font-size: 0.85714rem !important;\"><span style=\"box-sizing: border-box; color: #c94645; font-weight: 400;\">DISTRIBUIDORES MASTER<\/span><\/h4>\n<h2 class=\"landing-block-node-title h1 u-heading-v2__title g-line-height-1_3 g-font-weight-600 g-mb-minus-10 g-font-size-33\" style=\"box-sizing: border-box; font-family: inherit; line-height: 1.4; color: #383339; margin-bottom: -0.71429rem !important; font-weight: 600 !important; font-size: 2.35714rem !important;\">ESPARTEC SA DE CV<\/h2>\n<\/div>\n<div>\n<p>Tenemos el Distintivo de ser Distribuidores Exclusivos de la Marca Murphy en M\u00e9xico.<\/p>\n<p>Estamos Dedicados a Proteger y Controlar Motores, Procesos y M\u00e1quinas, para eso Desarrollamos Sistemas que aporten a la Seguridad de todos y que garanticen una Operaci\u00f3n \u00d3ptima de los Procesos. Nuestros enfoque va desde la Asistencia T\u00e9cnica hasta la Puesta en Operaci\u00f3n en el Sitio o la Planta.\u00a0<\/p>\n<p>Nos Especializamos en Integrar la mejor Soluci\u00f3n de nuestras marcas en los Sistemas de Control, para ser efectivos a las necesidades de nuestros Clientes.\u00a0<br \/>Tenemos la Capacidad de hacerlo posible desde el Dise\u00f1o y Fabricaci\u00f3n del Hadware, Software, Telecomunicaciones, Rastreo y Monitoreo.\u00a0<br \/>Somos una empresa distribuidora de las principales marcas para la Instrumentaci\u00f3n, Automatizaci\u00f3n y Control como Murphy, SMC (Sierra Monitor), Sanvik, Salem y Hardy.\u00a0<\/p>\n<\/div>\n<p>\n<\/div><\/div><\/div><div class=\"kc-elm kc-css-118796 kc_col-sm-6 kc_column kc_col-sm-6\"><div class=\"kc-col-container\"><div class=\"kc-elm kc-css-431018\">\n\t<div class=\"kc-carousel_images kc-elm kc-css-431018\">\n\t\n\t\t<div class=\"kc-carousel-images owl-carousel-images kc-sync1 \" data-owl-i-options='{\"items\":\"1\",\"tablet\":\"1\",\"mobile\":\"1\",\"speed\":\"373\",\"navigation\":\"\",\"pagination\":\"\",\"autoheight\":\"\",\"progressbar\":\"\",\"delay\":\"8\",\"autoplay\":\"yes\",\"showthumb\":\"\",\"num_thumb\":\"5\"}'>\n\t\n\t\t\t\t\t<div class=\"item\">\n\t\n\t\t\t\t\t\t\t<img src=\"http:\/\/www.espartec.com.mx\/wp-content\/uploads\/2019\/04\/vehicle-systems_0.jpg\"  alt=\"\"\/>\n\t\n\t\t\t\t\n\t\t\t<\/div>\n\t\n\t\t\t\t\t<div class=\"item\">\n\t\n\t\t\t\t\t\t\t<img src=\"http:\/\/www.espartec.com.mx\/wp-content\/uploads\/2019\/04\/recreational-commercial-marine_0_0.jpg\"  alt=\"\"\/>\n\t\n\t\t\t\t\n\t\t\t<\/div>\n\t\n\t\t\t\t\t<div class=\"item\">\n\t\n\t\t\t\t\t\t\t<img src=\"http:\/\/www.espartec.com.mx\/wp-content\/uploads\/2019\/04\/process-instruments_0-1.jpg\"  alt=\"\"\/>\n\t\n\t\t\t\t\n\t\t\t<\/div>\n\t\n\t\t\t\t\t<div class=\"item\">\n\t\n\t\t\t\t\t\t\t<img src=\"http:\/\/www.espartec.com.mx\/wp-content\/uploads\/2019\/04\/power-sport-vehicles_0-1.jpg\"  alt=\"\"\/>\n\t\n\t\t\t\t\n\t\t\t<\/div>\n\t\n\t\t\t\t\t<div class=\"item\">\n\t\n\t\t\t\t\t\t\t<img src=\"http:\/\/www.espartec.com.mx\/wp-content\/uploads\/2019\/04\/power-generation_0_0.jpg\"  alt=\"\"\/>\n\t\n\t\t\t\t\n\t\t\t<\/div>\n\t\n\t\t\t\t\t<div class=\"item\">\n\t\n\t\t\t\t\t\t\t<img src=\"http:\/\/www.espartec.com.mx\/wp-content\/uploads\/2019\/04\/off-highway_0.jpg\"  alt=\"\"\/>\n\t\n\t\t\t\t\n\t\t\t<\/div>\n\t\n\t\t\t\t\t<div class=\"item\">\n\t\n\t\t\t\t\t\t\t<img src=\"http:\/\/www.espartec.com.mx\/wp-content\/uploads\/2019\/04\/industrial-mobile-equipment_0.jpg\"  alt=\"\"\/>\n\t\n\t\t\t\t\n\t\t\t<\/div>\n\t\n\t\t\t\t\t<div class=\"item\">\n\t\n\t\t\t\t\t\t\t<img src=\"http:\/\/www.espartec.com.mx\/wp-content\/uploads\/2019\/04\/engine-systems-1.jpg\"  alt=\"\"\/>\n\t\n\t\t\t\t\n\t\t\t<\/div>\n\t\n\t\t\t\t\t<div class=\"item\">\n\t\n\t\t\t\t\t\t\t<img src=\"http:\/\/www.espartec.com.mx\/wp-content\/uploads\/2019\/04\/agriculture-and_water-pumping_0.jpg\"  alt=\"\"\/>\n\t\n\t\t\t\t\n\t\t\t<\/div>\n\t\n\t\t\t\n\t\t<\/div>\n\t\n\t\t\t<\/div>\n<\/div>\n<\/div><\/div><\/div><\/div><\/section><section class=\"kc-elm kc-css-515751 kc_row\"><div class=\"kc-row-container  kc-container\"><div class=\"kc-wrap-columns\"><div class=\"kc-elm kc-css-186025 kc_col-sm-12 kc_column kc_col-sm-12\"><div class=\"kc-col-container\"><div class=\"kc-elm kc-css-619838\" style=\"height: 20px; clear: both; width:100%;\"><\/div><section class=\"contact-section\">\n    <div class=\"auto-container\">\n\n        <!--Title Box-->\n        <div class=\"sec-title\">\n            <div class=\"clearfix\">\n                <div class=\"pull-left\">\n                    <h2>Solicita tu Cotizaci\u00f3n<\/h2>\n                    <div class=\"separator\"><\/div>\n                <\/div>\n                <div class=\"text\">\u00bfTienes preguntas? No dude en ponerse en contacto con nosotros, nuestro equipo de soporte t\u00e9cnico aqu\u00ed para ayudarlo por 24 \/ 7.<\/div>\n            <\/div>\n        <\/div>\n\n        <div class=\"inner-container\">\n            <div class=\"clearfix\">\n\n                <!--Info Column-->\n                <div class=\"info-column col-md-4 col-sm-12 col-xs-12\">\n                    <div class=\"inner-column\">\n                        <div class=\"upper-box\">\n                            <ul class=\"list-style-three\">\n                                                                    <li><span class=\"icon flaticon-technology-2\"><\/span><strong>Call Us: <\/strong>01 444 820 62 64 <\/li>\n                                                                    <li><span class=\"icon flaticon-envelope-1\"><\/span><strong>Mail Us: <\/strong>servicioclientes@espartec.com.mx<\/li>\n\n                                    <li><span class=\"icon flaticon-time-1\"><\/span><strong>Office Hrs: <\/strong>Lunes a Jueves : 8:00 AM - 7:00 PM\r\nViernes :             8:00 AM - 3:00 PM<\/li>\n                                \n                            <\/ul>\n                        <\/div>\n                        <div class=\"lower-box\">\n                            <div class=\"lower-inner\">\n                                <div class=\"image\">\n                                    <img src=\"http:\/\/www.espartec.com.mx\/wp-content\/uploads\/2019\/08\/logo-espartec-trazo-300x109.png\" alt=\"Author Image\" \/>\n                                <\/div>\n                                <h3>Espartec SA de CV<\/h3>\n                                <div class=\"designation\">Servicio al Cliente<\/div>\n                                <div class=\"emailed\">marketing@espartec.com.mx<\/div>\n                            <\/div>\n                        <\/div>\n                    <\/div>\n                <\/div>\n\n                <!--Form Column-->\n                <div class=\"form-column col-md-8 col-sm-12 col-xs-12\">\n                    <div class=\"inner-column\">\n\n                        <!-- Contact Form -->\n                        <div class=\"contact-form\">\n                            <!--Default Form-->\n                            \n                            \n                                <div role=\"form\" class=\"wpcf7\" id=\"wpcf7-f595-o1\" lang=\"en-US\" dir=\"ltr\">\n<div class=\"screen-reader-response\"><p role=\"status\" aria-live=\"polite\" aria-atomic=\"true\"><\/p> <ul><\/ul><\/div>\n<form action=\"\/index.php\/wp-json\/wp\/v2\/pages\/1190#wpcf7-f595-o1\" method=\"post\" class=\"wpcf7-form init\" novalidate=\"novalidate\" data-status=\"init\">\n<div style=\"display: none;\">\n<input type=\"hidden\" name=\"_wpcf7\" value=\"595\" \/>\n<input type=\"hidden\" name=\"_wpcf7_version\" value=\"5.4.2\" \/>\n<input type=\"hidden\" name=\"_wpcf7_locale\" value=\"en_US\" \/>\n<input type=\"hidden\" name=\"_wpcf7_unit_tag\" value=\"wpcf7-f595-o1\" \/>\n<input type=\"hidden\" name=\"_wpcf7_container_post\" value=\"0\" \/>\n<input type=\"hidden\" name=\"_wpcf7_posted_data_hash\" value=\"\" \/>\n<\/div>\n<div class=\"row clearfix\">\n<div class=\"col-md-6 col-sm-6 col-xs-12 form-group\"><span class=\"wpcf7-form-control-wrap text-519\"><input type=\"text\" name=\"text-519\" value=\"\" size=\"40\" class=\"wpcf7-form-control wpcf7-text wpcf7-validates-as-required\" aria-required=\"true\" aria-invalid=\"false\" placeholder=\"Name\" \/><\/span><\/div>\n<div class=\"col-md-6 col-sm-6 col-xs-12 form-group\"><span class=\"wpcf7-form-control-wrap email-441\"><input type=\"email\" name=\"email-441\" value=\"\" size=\"40\" class=\"wpcf7-form-control wpcf7-text wpcf7-email wpcf7-validates-as-required wpcf7-validates-as-email\" aria-required=\"true\" aria-invalid=\"false\" placeholder=\"E-Mail\" \/><\/span><\/div>\n<div class=\"col-md-6 col-sm-6 col-xs-12 form-group\"><span class=\"wpcf7-form-control-wrap text-520\"><input type=\"text\" name=\"text-520\" value=\"\" size=\"40\" class=\"wpcf7-form-control wpcf7-text wpcf7-validates-as-required\" aria-required=\"true\" aria-invalid=\"false\" placeholder=\"Phone\" \/><\/span><\/div>\n<div class=\"col-md-6 col-sm-6 col-xs-12 form-group\"><span class=\"wpcf7-form-control-wrap text-521\"><input type=\"text\" name=\"text-521\" value=\"\" size=\"40\" class=\"wpcf7-form-control wpcf7-text wpcf7-validates-as-required\" aria-required=\"true\" aria-invalid=\"false\" placeholder=\"Company\" \/><\/span><\/div>\n<div class=\"col-lg-12 col-md-12 col-sm-12 col-xs-12 form-group\"><span class=\"wpcf7-form-control-wrap textarea-487\"><textarea name=\"textarea-487\" cols=\"40\" rows=\"10\" class=\"wpcf7-form-control wpcf7-textarea wpcf7-validates-as-required\" aria-required=\"true\" aria-invalid=\"false\" placeholder=\"Massage\"><\/textarea><\/span><\/div>\n<div class=\"col-lg-12 col-md-12 col-sm-12 col-xs-12 form-group\"><input type=\"submit\" value=\"Submit Now\" class=\"wpcf7-form-control wpcf7-submit theme-btn submit-btn\" \/><\/div>\n<\/div>\n<div class=\"wpcf7-response-output\" aria-hidden=\"true\"><\/div><\/form><\/div>\n                            \n                        <\/div>\n                        <!--End Contact Form -->\n\n                    <\/div>\n                <\/div>\n\n            <\/div>\n        <\/div>\n    <\/div>\n<\/section><\/div><\/div><\/div><\/div><\/section><\/p>\n","protected":false},"excerpt":{"rendered":"","protected":false},"author":1,"featured_media":0,"parent":0,"menu_order":0,"comment_status":"closed","ping_status":"closed","template":"","meta":[],"yoast_head":"<!-- This site is optimized with the Yoast SEO plugin v15.2 - https:\/\/yoast.com\/wordpress\/plugins\/seo\/ -->\n<title>MURPHY BY ENOVATION CONTROLS<\/title>\n<meta name=\"description\" content=\"Existimos para vencer la complejidad. \u00a0 APLICACIONES UNICAS DE SISTEMAS SISTEMAS DE VEH\u00cdCULOS Pantallas de m\u00e1quinas resistentes y lideres en la industria,\" \/>\n<meta name=\"robots\" content=\"index, follow, max-snippet:-1, max-image-preview:large, max-video-preview:-1\" \/>\n<link rel=\"canonical\" href=\"http:\/\/www.espartec.com.mx\/index.php\/murphy-by-enovation-controls\/\" \/>\n<meta property=\"og:locale\" content=\"es_MX\" \/>\n<meta property=\"og:type\" content=\"article\" \/>\n<meta property=\"og:title\" content=\"MURPHY BY ENOVATION CONTROLS\" \/>\n<meta property=\"og:description\" content=\"Existimos para vencer la complejidad. \u00a0 APLICACIONES UNICAS DE SISTEMAS SISTEMAS DE VEH\u00cdCULOS Pantallas de m\u00e1quinas resistentes y lideres en la industria,\" \/>\n<meta property=\"og:url\" content=\"http:\/\/www.espartec.com.mx\/index.php\/murphy-by-enovation-controls\/\" \/>\n<meta property=\"og:site_name\" content=\"Espartec Pasi\u00f3n por Servir\" \/>\n<meta property=\"article:publisher\" content=\"https:\/\/www.facebook.com\/espartecslp\/\" \/>\n<meta property=\"article:modified_time\" content=\"2019-08-01T22:35:07+00:00\" \/>\n<meta property=\"og:image\" content=\"http:\/\/www.espartec.com.mx\/wp-content\/uploads\/2019\/04\/Murphy-by-Enovation-Controls.png\" \/>\n<meta name=\"twitter:card\" content=\"summary_large_image\" \/>\n<meta name=\"twitter:creator\" content=\"@EspartecSLP\" \/>\n<meta name=\"twitter:site\" content=\"@EspartecSLP\" \/>\n<meta name=\"twitter:label1\" value=\"Escrito por\">\n\t<meta name=\"twitter:data1\" value=\"MercaESP\">\n\t<meta name=\"twitter:label2\" value=\"Tiempo de lectura\">\n\t<meta name=\"twitter:data2\" value=\"2 minutos\">\n<script type=\"application\/ld+json\" class=\"yoast-schema-graph\">{\"@context\":\"https:\/\/schema.org\",\"@graph\":[{\"@type\":\"Organization\",\"@id\":\"http:\/\/www.espartec.com.mx\/#organization\",\"name\":\"Espartec SA de CV\",\"url\":\"http:\/\/www.espartec.com.mx\/\",\"sameAs\":[\"https:\/\/www.facebook.com\/espartecslp\/\",\"https:\/\/www.instagram.com\/espartecslp\/\",\"https:\/\/www.linkedin.com\/company\/27148207\/\",\"https:\/\/twitter.com\/EspartecSLP\"],\"logo\":{\"@type\":\"ImageObject\",\"@id\":\"http:\/\/www.espartec.com.mx\/#logo\",\"inLanguage\":\"es-MX\",\"url\":\"http:\/\/www.espartec.com.mx\/wp-content\/uploads\/2019\/08\/logo-espartec-trazo.png\",\"width\":1170,\"height\":424,\"caption\":\"Espartec SA de CV\"},\"image\":{\"@id\":\"http:\/\/www.espartec.com.mx\/#logo\"}},{\"@type\":\"WebSite\",\"@id\":\"http:\/\/www.espartec.com.mx\/#website\",\"url\":\"http:\/\/www.espartec.com.mx\/\",\"name\":\"Espartec Pasi\\u00f3n por Servir\",\"description\":\"Pasi\\u00f3n por Servir\",\"publisher\":{\"@id\":\"http:\/\/www.espartec.com.mx\/#organization\"},\"potentialAction\":[{\"@type\":\"SearchAction\",\"target\":\"http:\/\/www.espartec.com.mx\/?s={search_term_string}\",\"query-input\":\"required name=search_term_string\"}],\"inLanguage\":\"es-MX\"},{\"@type\":\"ImageObject\",\"@id\":\"http:\/\/www.espartec.com.mx\/index.php\/murphy-by-enovation-controls\/#primaryimage\",\"inLanguage\":\"es-MX\",\"url\":\"http:\/\/www.espartec.com.mx\/wp-content\/uploads\/2019\/04\/Murphy-by-Enovation-Controls.png\",\"width\":5080,\"height\":2117},{\"@type\":\"WebPage\",\"@id\":\"http:\/\/www.espartec.com.mx\/index.php\/murphy-by-enovation-controls\/#webpage\",\"url\":\"http:\/\/www.espartec.com.mx\/index.php\/murphy-by-enovation-controls\/\",\"name\":\"MURPHY BY ENOVATION CONTROLS\",\"isPartOf\":{\"@id\":\"http:\/\/www.espartec.com.mx\/#website\"},\"primaryImageOfPage\":{\"@id\":\"http:\/\/www.espartec.com.mx\/index.php\/murphy-by-enovation-controls\/#primaryimage\"},\"datePublished\":\"2019-04-17T17:31:31+00:00\",\"dateModified\":\"2019-08-01T22:35:07+00:00\",\"description\":\"Existimos para vencer la complejidad. \\u00a0 APLICACIONES UNICAS DE SISTEMAS SISTEMAS DE VEH\\u00cdCULOS Pantallas de m\\u00e1quinas resistentes y lideres en la industria,\",\"inLanguage\":\"es-MX\",\"potentialAction\":[{\"@type\":\"ReadAction\",\"target\":[\"http:\/\/www.espartec.com.mx\/index.php\/murphy-by-enovation-controls\/\"]}]}]}<\/script>\n<!-- \/ Yoast SEO plugin. -->","_links":{"self":[{"href":"http:\/\/www.espartec.com.mx\/index.php\/wp-json\/wp\/v2\/pages\/1190"}],"collection":[{"href":"http:\/\/www.espartec.com.mx\/index.php\/wp-json\/wp\/v2\/pages"}],"about":[{"href":"http:\/\/www.espartec.com.mx\/index.php\/wp-json\/wp\/v2\/types\/page"}],"author":[{"embeddable":true,"href":"http:\/\/www.espartec.com.mx\/index.php\/wp-json\/wp\/v2\/users\/1"}],"replies":[{"embeddable":true,"href":"http:\/\/www.espartec.com.mx\/index.php\/wp-json\/wp\/v2\/comments?post=1190"}],"version-history":[{"count":0,"href":"http:\/\/www.espartec.com.mx\/index.php\/wp-json\/wp\/v2\/pages\/1190\/revisions"}],"wp:attachment":[{"href":"http:\/\/www.espartec.com.mx\/index.php\/wp-json\/wp\/v2\/media?parent=1190"}],"curies":[{"name":"wp","href":"https:\/\/api.w.org\/{rel}","templated":true}]}}