{"id":1085,"date":"2019-04-17T09:47:00","date_gmt":"2019-04-17T14:47:00","guid":{"rendered":"http:\/\/www.espartec.com.mx\/nuevo\/?page_id=1085"},"modified":"2019-08-01T17:32:58","modified_gmt":"2019-08-01T22:32:58","slug":"fw-murphy","status":"publish","type":"page","link":"http:\/\/www.espartec.com.mx\/index.php\/fw-murphy\/","title":{"rendered":"FW MURPHY"},"content":{"rendered":"<section class=\"kc-elm kc-css-476908 kc-animated kc-animate-eff-bounce kc_row\"><div class=\"kc-row-container  kc-container\"><div class=\"kc-wrap-columns\"><div class=\"kc-elm kc-css-234093 kc_col-sm-12 kc_column kc_col-sm-12\"><div class=\"kc-col-container\"><div class=\"kc-elm kc-css-802212 kc_shortcode kc_single_image\">\n\n        <img src=\"http:\/\/www.espartec.com.mx\/wp-content\/uploads\/2019\/04\/Untitled-2.png\" class=\"\" alt=\"\" \/>    <\/div>\n<div class=\"kc-elm kc-css-416538 kc_text_block\"><\/p>\n<p>CONTROLES DE PRODUCCI\u00d3N<\/p><\/p>\n<\/div><div class=\"kc-elm kc-css-257334\" style=\"height: 40px; clear: both; width:100%;\"><\/div><div class=\"kc-image-gallery kc-elm kc-css-222286 kc-animated kc-animate-eff-fadeInLeft\">\n<div class=\"kc_image_gallery kc-carousel-image kc-grid \">\n<div class=\"item-grid grid-4\"><img src=\"http:\/\/www.espartec.com.mx\/wp-content\/uploads\/2019\/04\/fwmpc_home_emission_600x400.png\" alt=\"\"\/><\/div><div class=\"item-grid grid-4\"><img src=\"http:\/\/www.espartec.com.mx\/wp-content\/uploads\/2019\/04\/fwmpc_home_control_panels_600x400.png\" alt=\"\"\/><\/div><div class=\"item-grid grid-4\"><img src=\"http:\/\/www.espartec.com.mx\/wp-content\/uploads\/2019\/04\/Controllers_5.png\" alt=\"\"\/><\/div><div class=\"item-grid grid-4\"><img src=\"http:\/\/www.espartec.com.mx\/wp-content\/uploads\/2019\/04\/centurionsystems605.png\" alt=\"\"\/><\/div><\/div>\n<\/div><div class=\"kc-elm kc-css-654835\" style=\"height: 40px; clear: both; width:100%;\"><\/div><div class=\"kc-elm kc-css-240129 kc_text_block\"><h2 class=\"landing-block-node-title g-line-height-1_3 g-font-size-36 mb-0\" style=\"box-sizing: border-box; font-family: 'Open Sans', Helvetica, Arial, sans-serif; color: #1a2e39; text-transform: uppercase; background-color: #f7f7f7; line-height: 1.3 !important; font-size: 2.57143rem !important;\"><span style=\"box-sizing: border-box; font-weight: bold;\">FW MURPHY<\/span>\u00a0CONTROLES DE PRODUCCI\u00d3N<\/h2>\n<p><span style=\"color: #1a2e39; font-family: 'Open Sans', Helvetica, Arial, sans-serif; font-size: 20px; background-color: #f7f7f7;\">Los productos FW Murphy mejoran la protecci\u00f3n, el rendimiento y la fiabilidad de los motores.<\/span><\/p>\n<h4 class=\"landing-block-node-card-title h6 text-uppercase g-font-weight-700 g-color-black g-mb-15\" style=\"box-sizing: border-box; font-family: 'Open Sans', Helvetica, Arial, sans-serif; line-height: 1.4; font-size: 14px; background-color: #f7f7f7; margin-bottom: 1.07143rem !important; font-weight: 700 !important; color: #000000 !important; text-transform: uppercase !important;\">EXISTIMOS PARA VENCER LA COMPLEJIDAD<\/h4>\n<div class=\"landing-block-node-card-text g-font-size-default mb-0\" style=\"box-sizing: border-box; font-size: 14px; color: #1a2e39; font-family: 'Open Sans', Helvetica, Arial, sans-serif; background-color: #f7f7f7; margin-bottom: 0px !important;\">\n<p style=\"box-sizing: border-box; margin-top: 0px; margin-bottom: 1rem; text-align: justify;\"><span style=\"box-sizing: border-box; color: #d32f2f;\">FW Murphy<\/span>\u00a0contin\u00faa proporcionando un espectro completo de soluciones de administraci\u00f3n de motores. Estos van desde controles electr\u00f3nicos y mec\u00e1nicos hasta paneles y sistemas de control de compresores dise\u00f1ados a medida, adem\u00e1s de sistemas de encendido llave en mano y sistemas de control de la relaci\u00f3n aire-combustible. Adem\u00e1s, el sistema\u00a0<span style=\"box-sizing: border-box; color: #d32f2f;\">EICS\u00ae<\/span>\u00a0(Sistema de control integrado del motor) de\u00a0<span style=\"box-sizing: border-box; color: #d32f2f;\">FW Murphy<\/span>\u00a0ofrece un rendimiento sintonizado sin igual y mejoras en las emisiones de una serie de motores populares de gas natural.<br style=\"box-sizing: border-box;\" \/><br style=\"box-sizing: border-box;\" \/>Para la industria de la transmisi\u00f3n de gas, los ingenieros de<span style=\"box-sizing: border-box; color: #d32f2f;\">\u00a0CS&amp;S<\/span>\u00a0(sistemas y servicios de control) desarrollan sistemas de control de aplicaciones dise\u00f1ados para satisfacer las necesidades de control de compresi\u00f3n de gas utilizando nuestra l\u00ednea completa de anunciadores de fallas, y sistemas de control y monitoreo configurables y programables, que incluyen sofisticados sistemas\u00a0<span style=\"box-sizing: border-box; color: #d32f2f;\">PLC<\/span>.<\/p>\n<p style=\"box-sizing: border-box; margin-top: 0px; margin-bottom: 1rem; text-align: justify;\">Para la recolecci\u00f3n de gas en el campo, desde la recuperaci\u00f3n hasta la compresi\u00f3n, sin importar lo remota que sea,\u00a0<span style=\"box-sizing: border-box; color: #d32f2f;\">FW Murphy<\/span>\u00a0ayuda a administrar las aplicaciones de compresi\u00f3n de gas con estrategias de control escalables que incluyen soluciones de recuperaci\u00f3n de vapor dedicadas, protecci\u00f3n b\u00e1sica de cierre de fallas y la plataforma\u00a0<span style=\"box-sizing: border-box; color: #d32f2f;\">Centurion\u00ae<\/span>\u00a0para la automatizaci\u00f3n simple o sistemas dise\u00f1ados por el cliente. Nuestros controles e instrumentaci\u00f3n probados equipan el skid del compresor y nuestras soluciones\u00a0<span style=\"box-sizing: border-box; color: #d32f2f;\">EICS<\/span>\u00a0y otras soluciones de gesti\u00f3n del motor aseguran que el sistema cumpla con los requisitos donde operar\u00e1 el skid.<\/p>\n<\/div>\n<\/div><div class=\"kc-elm kc-css-136383\" style=\"height: 40px; clear: both; width:100%;\"><\/div><div class=\"kc-elm kc-css-628672 kc-animated kc-animate-eff-fadeIn kc_shortcode kc_single_image\">\n\n        <img src=\"http:\/\/www.espartec.com.mx\/wp-content\/uploads\/2019\/07\/1815250-2.jpg\" class=\"\" alt=\"\" \/>    <\/div>\n<div class=\"kc-elm kc-css-616729\" style=\"height: 20px; clear: both; width:100%;\"><\/div><section class=\"contact-section\">\n    <div class=\"auto-container\">\n\n        <!--Title Box-->\n        <div class=\"sec-title\">\n            <div class=\"clearfix\">\n                <div class=\"pull-left\">\n                    <h2>Solicita tu Cotizaci\u00f3n<\/h2>\n                    <div class=\"separator\"><\/div>\n                <\/div>\n                <div class=\"text\">\u00bfTienes preguntas? No dude en ponerse en contacto con nosotros, nuestro equipo de soporte t\u00e9cnico aqu\u00ed para ayudarlo por 24 \/ 7.<\/div>\n            <\/div>\n        <\/div>\n\n        <div class=\"inner-container\">\n            <div class=\"clearfix\">\n\n                <!--Info Column-->\n                <div class=\"info-column col-md-4 col-sm-12 col-xs-12\">\n                    <div class=\"inner-column\">\n                        <div class=\"upper-box\">\n                            <ul class=\"list-style-three\">\n                                                                    <li><span class=\"icon flaticon-technology-2\"><\/span><strong>Call Us: <\/strong>01 444 820 62 64 <\/li>\n                                                                    <li><span class=\"icon flaticon-envelope-1\"><\/span><strong>Mail Us: <\/strong>servicioclientes@espartec.com.mx<\/li>\n\n                                    <li><span class=\"icon flaticon-time-1\"><\/span><strong>Office Hrs: <\/strong>Lunes a Jueves : 8:00 AM - 7:00 PM\r\nViernes :             8:00 AM - 3:00 PM<\/li>\n                                \n                            <\/ul>\n                        <\/div>\n                        <div class=\"lower-box\">\n                            <div class=\"lower-inner\">\n                                <div class=\"image\">\n                                    <img src=\"http:\/\/www.espartec.com.mx\/wp-content\/uploads\/2019\/08\/logo-espartec-trazo-300x109.png\" alt=\"Author Image\" \/>\n                                <\/div>\n                                <h3>Espartec SA de CV<\/h3>\n                                <div class=\"designation\">Servicio al Cliente<\/div>\n                                <div class=\"emailed\">marketing@espartec.com.mx<\/div>\n                            <\/div>\n                        <\/div>\n                    <\/div>\n                <\/div>\n\n                <!--Form Column-->\n                <div class=\"form-column col-md-8 col-sm-12 col-xs-12\">\n                    <div class=\"inner-column\">\n\n                        <!-- Contact Form -->\n                        <div class=\"contact-form\">\n                            <!--Default Form-->\n                            \n                            \n                                <div role=\"form\" class=\"wpcf7\" id=\"wpcf7-f595-o1\" lang=\"en-US\" dir=\"ltr\">\n<div class=\"screen-reader-response\"><p role=\"status\" aria-live=\"polite\" aria-atomic=\"true\"><\/p> <ul><\/ul><\/div>\n<form action=\"\/index.php\/wp-json\/wp\/v2\/pages\/1085#wpcf7-f595-o1\" method=\"post\" class=\"wpcf7-form init\" novalidate=\"novalidate\" data-status=\"init\">\n<div style=\"display: none;\">\n<input type=\"hidden\" name=\"_wpcf7\" value=\"595\" \/>\n<input type=\"hidden\" name=\"_wpcf7_version\" value=\"5.4.2\" \/>\n<input type=\"hidden\" name=\"_wpcf7_locale\" value=\"en_US\" \/>\n<input type=\"hidden\" name=\"_wpcf7_unit_tag\" value=\"wpcf7-f595-o1\" \/>\n<input type=\"hidden\" name=\"_wpcf7_container_post\" value=\"0\" \/>\n<input type=\"hidden\" name=\"_wpcf7_posted_data_hash\" value=\"\" \/>\n<\/div>\n<div class=\"row clearfix\">\n<div class=\"col-md-6 col-sm-6 col-xs-12 form-group\"><span class=\"wpcf7-form-control-wrap text-519\"><input type=\"text\" name=\"text-519\" value=\"\" size=\"40\" class=\"wpcf7-form-control wpcf7-text wpcf7-validates-as-required\" aria-required=\"true\" aria-invalid=\"false\" placeholder=\"Name\" \/><\/span><\/div>\n<div class=\"col-md-6 col-sm-6 col-xs-12 form-group\"><span class=\"wpcf7-form-control-wrap email-441\"><input type=\"email\" name=\"email-441\" value=\"\" size=\"40\" class=\"wpcf7-form-control wpcf7-text wpcf7-email wpcf7-validates-as-required wpcf7-validates-as-email\" aria-required=\"true\" aria-invalid=\"false\" placeholder=\"E-Mail\" \/><\/span><\/div>\n<div class=\"col-md-6 col-sm-6 col-xs-12 form-group\"><span class=\"wpcf7-form-control-wrap text-520\"><input type=\"text\" name=\"text-520\" value=\"\" size=\"40\" class=\"wpcf7-form-control wpcf7-text wpcf7-validates-as-required\" aria-required=\"true\" aria-invalid=\"false\" placeholder=\"Phone\" \/><\/span><\/div>\n<div class=\"col-md-6 col-sm-6 col-xs-12 form-group\"><span class=\"wpcf7-form-control-wrap text-521\"><input type=\"text\" name=\"text-521\" value=\"\" size=\"40\" class=\"wpcf7-form-control wpcf7-text wpcf7-validates-as-required\" aria-required=\"true\" aria-invalid=\"false\" placeholder=\"Company\" \/><\/span><\/div>\n<div class=\"col-lg-12 col-md-12 col-sm-12 col-xs-12 form-group\"><span class=\"wpcf7-form-control-wrap textarea-487\"><textarea name=\"textarea-487\" cols=\"40\" rows=\"10\" class=\"wpcf7-form-control wpcf7-textarea wpcf7-validates-as-required\" aria-required=\"true\" aria-invalid=\"false\" placeholder=\"Massage\"><\/textarea><\/span><\/div>\n<div class=\"col-lg-12 col-md-12 col-sm-12 col-xs-12 form-group\"><input type=\"submit\" value=\"Submit Now\" class=\"wpcf7-form-control wpcf7-submit theme-btn submit-btn\" \/><\/div>\n<\/div>\n<div class=\"wpcf7-response-output\" aria-hidden=\"true\"><\/div><\/form><\/div>\n                            \n                        <\/div>\n                        <!--End Contact Form -->\n\n                    <\/div>\n                <\/div>\n\n            <\/div>\n        <\/div>\n    <\/div>\n<\/section><div class=\"kc-elm kc-css-231789 kc-animated kc-animate-eff-fadeInRight\">\n\t<div class=\"kc-carousel_images kc-elm kc-css-231789 kc-animated kc-animate-eff-fadeInRight\">\n\t\n\t\t<div class=\"kc-carousel-images owl-carousel-images kc-sync1 \" data-owl-i-options='{\"items\":\"1\",\"tablet\":\"1\",\"mobile\":\"1\",\"speed\":\"500\",\"navigation\":\"\",\"pagination\":\"yes\",\"autoheight\":\"\",\"progressbar\":\"\",\"delay\":\"8\",\"autoplay\":\"yes\",\"showthumb\":\"\",\"num_thumb\":\"5\"}'>\n\t\n\t\t\t\t\t<div class=\"item\">\n\t\n\t\t\t\t\t\t\t<img src=\"http:\/\/www.espartec.com.mx\/wp-content\/uploads\/2019\/04\/Centurion-C5.jpg\"  alt=\"\"\/>\n\t\n\t\t\t\t\n\t\t\t<\/div>\n\t\n\t\t\t\t\t<div class=\"item\">\n\t\n\t\t\t\t\t\t\t<img src=\"http:\/\/www.espartec.com.mx\/wp-content\/uploads\/2019\/04\/Three-images-WINNER.jpg\"  alt=\"\"\/>\n\t\n\t\t\t\t\n\t\t\t<\/div>\n\t\n\t\t\t\t\t<div class=\"item\">\n\t\n\t\t\t\t\t\t\t<img src=\"http:\/\/www.espartec.com.mx\/wp-content\/uploads\/2019\/04\/Controllers_5-1.png\"  alt=\"\"\/>\n\t\n\t\t\t\t\n\t\t\t<\/div>\n\t\n\t\t\t\n\t\t<\/div>\n\t\n\t\t\t<\/div>\n<\/div>\n<\/div><\/div><\/div><\/div><\/section>","protected":false},"excerpt":{"rendered":"","protected":false},"author":1,"featured_media":1103,"parent":0,"menu_order":0,"comment_status":"closed","ping_status":"closed","template":"","meta":[],"yoast_head":"<!-- This site is optimized with the Yoast SEO plugin v15.2 - https:\/\/yoast.com\/wordpress\/plugins\/seo\/ -->\n<title>FW MURPHY<\/title>\n<meta name=\"description\" content=\"CONTROLES DE PRODUCCI\u00d3N FW MURPHY\u00a0CONTROLES DE PRODUCCI\u00d3N Los productos FW Murphy mejoran la protecci\u00f3n, el rendimiento y la fiabilidad de los motores.\" \/>\n<meta name=\"robots\" content=\"index, follow, max-snippet:-1, max-image-preview:large, max-video-preview:-1\" \/>\n<link rel=\"canonical\" href=\"http:\/\/www.espartec.com.mx\/index.php\/fw-murphy\/\" \/>\n<meta property=\"og:locale\" content=\"es_MX\" \/>\n<meta property=\"og:type\" content=\"article\" \/>\n<meta property=\"og:title\" content=\"FW MURPHY\" \/>\n<meta property=\"og:description\" content=\"CONTROLES DE PRODUCCI\u00d3N FW MURPHY\u00a0CONTROLES DE PRODUCCI\u00d3N Los productos FW Murphy mejoran la protecci\u00f3n, el rendimiento y la fiabilidad de los motores.\" \/>\n<meta property=\"og:url\" content=\"http:\/\/www.espartec.com.mx\/index.php\/fw-murphy\/\" \/>\n<meta property=\"og:site_name\" content=\"Espartec Pasi\u00f3n por Servir\" \/>\n<meta property=\"article:publisher\" content=\"https:\/\/www.facebook.com\/espartecslp\/\" \/>\n<meta property=\"article:modified_time\" content=\"2019-08-01T22:32:58+00:00\" \/>\n<meta property=\"og:image\" content=\"http:\/\/www.espartec.com.mx\/wp-content\/uploads\/2019\/04\/Untitled-2.png\" \/>\n\t<meta property=\"og:image:width\" content=\"1280\" \/>\n\t<meta property=\"og:image:height\" content=\"492\" \/>\n<meta name=\"twitter:card\" content=\"summary_large_image\" \/>\n<meta name=\"twitter:creator\" content=\"@EspartecSLP\" \/>\n<meta name=\"twitter:site\" content=\"@EspartecSLP\" \/>\n<meta name=\"twitter:label1\" value=\"Escrito por\">\n\t<meta name=\"twitter:data1\" value=\"MercaESP\">\n\t<meta name=\"twitter:label2\" value=\"Tiempo de lectura\">\n\t<meta name=\"twitter:data2\" value=\"1 minuto\">\n<script type=\"application\/ld+json\" class=\"yoast-schema-graph\">{\"@context\":\"https:\/\/schema.org\",\"@graph\":[{\"@type\":\"Organization\",\"@id\":\"http:\/\/www.espartec.com.mx\/#organization\",\"name\":\"Espartec SA de CV\",\"url\":\"http:\/\/www.espartec.com.mx\/\",\"sameAs\":[\"https:\/\/www.facebook.com\/espartecslp\/\",\"https:\/\/www.instagram.com\/espartecslp\/\",\"https:\/\/www.linkedin.com\/company\/27148207\/\",\"https:\/\/twitter.com\/EspartecSLP\"],\"logo\":{\"@type\":\"ImageObject\",\"@id\":\"http:\/\/www.espartec.com.mx\/#logo\",\"inLanguage\":\"es-MX\",\"url\":\"http:\/\/www.espartec.com.mx\/wp-content\/uploads\/2019\/08\/logo-espartec-trazo.png\",\"width\":1170,\"height\":424,\"caption\":\"Espartec SA de CV\"},\"image\":{\"@id\":\"http:\/\/www.espartec.com.mx\/#logo\"}},{\"@type\":\"WebSite\",\"@id\":\"http:\/\/www.espartec.com.mx\/#website\",\"url\":\"http:\/\/www.espartec.com.mx\/\",\"name\":\"Espartec Pasi\\u00f3n por Servir\",\"description\":\"Pasi\\u00f3n por Servir\",\"publisher\":{\"@id\":\"http:\/\/www.espartec.com.mx\/#organization\"},\"potentialAction\":[{\"@type\":\"SearchAction\",\"target\":\"http:\/\/www.espartec.com.mx\/?s={search_term_string}\",\"query-input\":\"required name=search_term_string\"}],\"inLanguage\":\"es-MX\"},{\"@type\":\"ImageObject\",\"@id\":\"http:\/\/www.espartec.com.mx\/index.php\/fw-murphy\/#primaryimage\",\"inLanguage\":\"es-MX\",\"url\":\"http:\/\/www.espartec.com.mx\/wp-content\/uploads\/2019\/04\/Untitled-2.png\",\"width\":1280,\"height\":492},{\"@type\":\"WebPage\",\"@id\":\"http:\/\/www.espartec.com.mx\/index.php\/fw-murphy\/#webpage\",\"url\":\"http:\/\/www.espartec.com.mx\/index.php\/fw-murphy\/\",\"name\":\"FW MURPHY\",\"isPartOf\":{\"@id\":\"http:\/\/www.espartec.com.mx\/#website\"},\"primaryImageOfPage\":{\"@id\":\"http:\/\/www.espartec.com.mx\/index.php\/fw-murphy\/#primaryimage\"},\"datePublished\":\"2019-04-17T14:47:00+00:00\",\"dateModified\":\"2019-08-01T22:32:58+00:00\",\"description\":\"CONTROLES DE PRODUCCI\\u00d3N FW MURPHY\\u00a0CONTROLES DE PRODUCCI\\u00d3N Los productos FW Murphy mejoran la protecci\\u00f3n, el rendimiento y la fiabilidad de los motores.\",\"inLanguage\":\"es-MX\",\"potentialAction\":[{\"@type\":\"ReadAction\",\"target\":[\"http:\/\/www.espartec.com.mx\/index.php\/fw-murphy\/\"]}]}]}<\/script>\n<!-- \/ Yoast SEO plugin. -->","_links":{"self":[{"href":"http:\/\/www.espartec.com.mx\/index.php\/wp-json\/wp\/v2\/pages\/1085"}],"collection":[{"href":"http:\/\/www.espartec.com.mx\/index.php\/wp-json\/wp\/v2\/pages"}],"about":[{"href":"http:\/\/www.espartec.com.mx\/index.php\/wp-json\/wp\/v2\/types\/page"}],"author":[{"embeddable":true,"href":"http:\/\/www.espartec.com.mx\/index.php\/wp-json\/wp\/v2\/users\/1"}],"replies":[{"embeddable":true,"href":"http:\/\/www.espartec.com.mx\/index.php\/wp-json\/wp\/v2\/comments?post=1085"}],"version-history":[{"count":0,"href":"http:\/\/www.espartec.com.mx\/index.php\/wp-json\/wp\/v2\/pages\/1085\/revisions"}],"wp:featuredmedia":[{"embeddable":true,"href":"http:\/\/www.espartec.com.mx\/index.php\/wp-json\/wp\/v2\/media\/1103"}],"wp:attachment":[{"href":"http:\/\/www.espartec.com.mx\/index.php\/wp-json\/wp\/v2\/media?parent=1085"}],"curies":[{"name":"wp","href":"https:\/\/api.w.org\/{rel}","templated":true}]}}